{"id":8,"date":"2011-08-29T14:19:35","date_gmt":"2011-08-29T14:19:35","guid":{"rendered":"http:\/\/www.cosminsofron.ro\/?page_id=8"},"modified":"2026-02-15T12:56:06","modified_gmt":"2026-02-15T10:56:06","slug":"teatru","status":"publish","type":"page","link":"https:\/\/www.cosminsofron.ro\/en\/activitate\/teatru\/","title":{"rendered":"Theater"},"content":{"rendered":"<div class=\"wpb-content-wrapper\"><p>[vc_row][vc_column][vc_column_text css=&#8221;&#8221;]<strong>The debut in theater took place in 1988 when he had several roles in revue shows at &#8220;Estrada Armatei&#8221; under the direction of Nicolae Frunzetti;<\/strong><\/p>\n<ul>\n<li><img loading=\"lazy\" decoding=\"async\" class=\"alignright size-full wp-image-1552\" src=\"http:\/\/www.cosminsofron.ro\/wp-content\/uploads\/2011\/08\/teatru.png\" alt=\"\" width=\"487\" height=\"256\" srcset=\"https:\/\/www.cosminsofron.ro\/wp-content\/uploads\/2011\/08\/teatru.png 487w, https:\/\/www.cosminsofron.ro\/wp-content\/uploads\/2011\/08\/teatru-260x137.png 260w, https:\/\/www.cosminsofron.ro\/wp-content\/uploads\/2011\/08\/teatru-50x26.png 50w, https:\/\/www.cosminsofron.ro\/wp-content\/uploads\/2011\/08\/teatru-143x75.png 143w\" sizes=\"(max-width:767px) 480px, 487px\" \/>1990 &#8211; main role (Nino) in the show &#8220;Clowns&#8221; at the MASCA theater &#8211; written and directed by Mihai M\u0103laimare;<\/li>\n<li>1991 \u2013 secondary role (Clerk) in the show &#8220;Mantaua&#8221; after Gogol at the MASCA theater &#8211; script and direction by Mihai M\u0103laimare;<\/li>\n<li>1991 \u2013 three main roles (without name) in the show &#8220;Medievale&#8221; at the MASCA theater &#8211; script and direction by Anca Florea;<\/li>\n<li>1992 &#8211; main role (untitled) in the show &#8220;Death died, Yo&#8221; at the MASCA theater &#8211; written and directed by Mihai M\u0103laimare;<\/li>\n<li>1995 &#8211; leading role (Weston Hurley) in the show &#8220;5-th OF JULY&#8221; at the Romanian-American Theater EUGENE O&#8217;NEIL &#8211; script by Landford Wilson, directed by Elliot Swift;<\/li>\n<li>1995 \u2013 secondary role (The Baron) in the show &#8220;Thomas Becket&#8221; by Jean Anouilh at the NOTTARA theater &#8211; directed by Alexandru Repan;<\/li>\n<li>1996 &#8211; several roles in the show &#8220;Ultimele \u015etiri&#8221; (Last news) at the BULANDRA theater &#8211; play by Adrian Dohotaru, directed by Mara Pa\u015fici;<\/li>\n<li>1995 and 1996 \u2013 main role in the show &#8220;Don Quixote&#8221; performed in two parts in two years at the MEDIEVAL ART FESTIVAL in Sighisoara;<\/li>\n<li>1997 \u2013 secondary role (Shawn Keogh) in the show &#8220;Playboy&#8221; at the BUCHAREST NATIONAL THEATER &#8211; after &#8220;Playboy of the western world&#8221; by John Millington Singe, directed by Nona Ciobanu;<\/li>\n<li>1997 \u2013 secondary role (Don Ricardo) in the performance &#8220;\u00cencurc\u0103-i drace&#8221; after &#8220;B\u0103d\u0103ranii&#8221; by Goldoni at the CASANDRA theater &#8211; directed by Alexandru Repan and Victor \u015etrengaru;<\/li>\n<li>1997 &#8211; main role (Arlecchino) in the show &#8220;All&#8217;improvisso&#8221; at the CASANDRA and NOTTARA theaters &#8211; script and direction by Mihai Gruia Sandu;<\/li>\n<li>1997 \u2013 2015 actor and presenter in the productions of Circus &amp; Variete Globus Bucharest, directed by Br\u00eendu\u015fa Novac;<\/li>\n<li>1998 \u2013 double secondary role (Castor and Pollux) in the show &#8220;Ah, the bachelor&#8221; after &#8220;Morgana Girl&#8221; by D. Solomon, at the &#8220;George Ciprian&#8221; Theater Buz\u0103u &#8211; directed by Ion Lucian;<\/li>\n<li>1998 \u2013 secondary role (Comisul C\u0103\u021beleanu) in the show &#8220;Viforul&#8221; after B.St. Delavrancea, at the NOTTARA theater &#8211; directed by Alexandru Darie;<\/li>\n<li>1999 &#8211; main role (Aladdin) in the show &#8220;Aladdin and his lamp&#8221; at the EXCELSIOR theater &#8211; scenario Al. Andy Kessler, directed by Ion Lucian;<\/li>\n<li>2000 &#8211; main role (\u015etefan Vardia) in the show &#8220;Nota zero la purtare&#8221; at the C. T\u0103nase theater &#8211; script by Octavian Sava, directed by Ion Lucian;<\/li>\n<li>2001 \u2013 secondary role (Baron Spitz) in the show &#8220;The Little Mermaid&#8221; at the EXCELSIOR theater \u2013 scenario Al. Andy Kessler, directed by Olimpia Arghir;<\/li>\n<li>2002 &#8211; main role in the show &#8220;All men are whores&#8221; at the &#8220;PROMETHEUS&#8221; club &#8211; script by David Mamet, directed by Florin Piersic Jr.<\/li>\n<li>2002 \u2013 main role (Screenwriter) in the show &#8220;The futile torments of a screenwriter&#8221; at the ACT theater, written by Teodora Herghelegiu, directed by Gabriel Cove\u015feanu;<\/li>\n<li>2003 \u2013 supporting role in the show &#8220;The Amazing Adventures of Niels Holgerson&#8221; at the EXCELSIOR theater.<\/li>\n<li>2004 \u2013 main role (Pr\u00e2slea) in the show &#8220;Pr\u00e2slea and golden apples&#8221; at the EXCELSIOR theater, written and directed by Mircea Anca;<\/li>\n<li>2004 \u2013 main role (Peter Munk) in the show &#8220;Heart of stone&#8221; by Wilhelm Hauff at the EXCELSIOR theater, script by Ion Lucian, directed by Vasile Manta;<\/li>\n<li>2004 &#8211; main role (\u015etefan Vardia) in the show &#8220;Nota zero la purtare&#8221; at TVR &#8211; script by Octavian Sava, directed by Ion Lucian;<\/li>\n<li>2005 &#8211; main role (Gigel) in the show &#8220;Fighting with TAGATA&#8221; at the EXCELSIOR theater &#8211; screenplay by Ion Lucian and Mircea Anca, directed by Mircea Anca;<\/li>\n<li>2006 &#8211; main role (Jules Verne) in the show &#8220;The Edge of Eternity&#8221; at the BULANDRA theater &#8211; show broadcast by Alfa TV;<\/li>\n<li>2009 &#8211; secondary role (Arlecchino) in the performance &#8220;Don Pasquale&#8221; at the Bucharest National Opera &#8211; directed by Rare\u015f Zaharia;<\/li>\n<li>2010 \u2013 main role (Pantalone) in the show &#8220;Anselmo&#8221; at the Nottara theater in Bucharest, directed by Mihai Gruia Sandu;<\/li>\n<li>2010 \u2013 main role (Soldier) in the show &#8220;The Princess from the Brass Castle&#8221; at the &#8220;Masca&#8221; Theater, directed by Cristian Pepino;<\/li>\n<li>2010- main role (Pantalone) in the show &#8220;Lovers&#8221; at the &#8220;Masca&#8221; Theater; screenplay and direction by Michelle Modesto Cassarin;<\/li>\n<li>2011 &#8211; secondary role in the show &#8220;B\u0103d\u0103ranii&#8221; (&#8220;I quatro rusteghi&#8221;) after Carlo Goldoni at the Bucharest National Opera, directed by Peter Pavlik;<\/li>\n<li>2011 &#8211; secondary role (Angelo) in the performance &#8220;Comedy of Errors&#8221; by W. Shakespeare at the &#8220;Masca&#8221; Theater, directed by Mihai M\u0103laimare;<\/li>\n<li>2012- main role and second director of the show &#8220;Three Enchanted Princesses&#8221; by Cristian Pepino at the &#8220;Masca&#8221; theater, directed by Cristian Pepino;<\/li>\n<li>2012- directing the musical show for children &#8220;Puck&#8221; with the band &#8220;Elementalii&#8221; and the support of CCUNB;<\/li>\n<li>2013 &#8211; main role (Emperor of Emperors) in the show &#8220;T\u0103r\u00e2mul basmelor&#8221; at Sala Epica Mall Baneasa &#8211; directed by Ciprian Dumitra\u015fcu;<\/li>\n<li>2015- main role in the show &#8220;Qui est Mohamed?&#8221; &#8211; by Remy de Vos, directed by Theodora Herghelegiu &#8211; \u00a0at &#8220;La Scena&#8221; Theater and &#8220;Green Hours&#8221; Theater Bucharest;<\/li>\n<li>2016 &#8211; main role in the show &#8220;Ceart\u0103-R&#8221; &#8211; by Theodora Herghelegiu, directed by Theodora Herghelegiu;<\/li>\n<li>2016- main role in the show &#8220;Midnight Crack&#8221; after &#8220;The Long Phase&#8221; by Catherine Aigner, directed by Theodora Herghelegiu &#8211; &#8220;Toma Caragiu&#8221; Theater \u2013 Ploiesti<\/li>\n<li>2018- Carol II in the show &#8220;Zaraza&#8221; written by Daniel Chiril\u0103 and directed by R\u0103zvan Mazilu at the &#8220;Toma Caragiu&#8221; Theater &#8211; Ploiesti<\/li>\n<li>2018- main role (the Colonel) in the show &#8220;Descurc\u0103 lume&#8221; &#8211; script and direction by Eugene Nacht-Stroe at the &#8220;Toma Caragiu&#8221; Theater &#8211; Ploiesti<\/li>\n<li>2019- Charles II in the show &#8220;The Marshals&#8221; by Constantin Venerus Popa directed by: Alexandru Bindea at the &#8220;Stela Popescu&#8221; Theater &#8211; Bucharest<\/li>\n<li>2019- Adolf Ogaru in the performance &#8220;Somnoroasa aventur\u0103&#8221; by Teodor Mazilu, directed by Magda Catone &#8211; Theater &#8220;Nottara&#8221; Bucharest<\/li>\n<li>2021- Edward Petersen in the show &#8220;Sorry Charlie&#8221; by Troy Shearer, translated, adapted and directed by Drago\u015f C\u00e2mpan &#8211; &#8220;Toma Caragiu&#8221; Theater &#8211; Ploiesti<\/li>\n<li>2022 \u2013 Actor and producer of the show &#8220;Silence! It repeats itself!\u201d as playwright, director, stage movement coordinator and light designer &#8211; &#8220;Toma Caragiu&#8221; Theater &#8211; Ploiesti<\/li>\n<li>2023 &#8211; Sol Weiss in the performance &#8220;Mori odide&#8221; by Billy Van Zandt and Jane Milmore, translated and directed by Teodora Petre &#8211; &#8220;Toma Caragiu&#8221; Theater &#8211; Ploiesti<\/li>\n<li>2024 &#8211; double role (Matache and Iancu Iabra\u0219u) in the show &#8220;Birlic&#8221; by Tudor Mu\u0219atescu and Sic\u0103 Alexandrescu after Arnold and Bach, adaptation and direction by Dan Tudor &#8211; &#8220;Toma Caragiu&#8221; theater \u2013 Ploiesti<\/li>\n<li>2026 &#8211; main role (Julien Deforges) in the show &#8221; The cactus flower&#8221; by Pierre Barillet and Pierre Gredy, directed by Drago\u0219 C\u00e2mpan \u2013 &#8220;Toma Caragiu&#8221; Theater &#8211; Ploiesti<\/li>\n<\/ul>\n<p>&nbsp;<\/p>\n<p><strong>Among the roles played during the Academy of Theater and Film 1993-1997:<\/strong><\/p>\n<p>&#8220;The Inspector&#8221; from &#8220;Pulpa de Miel&#8221; (&#8220;Lamb chop&#8221;) by Roald D&#8217;Al;<\/p>\n<p>&#8220;Petru&#8221; from &#8220;Broken Citadel&#8221; by Horia Lovinescu;<\/p>\n<p>&#8220;Diego Ramirez&#8221; from &#8220;November and Little Green Grass&#8221; by Antonio Gala;<\/p>\n<p>&#8220;Astrov&#8221; from &#8220;Uncle Vanea&#8221; by A.P. Chekhov;<\/p>\n<p>&#8220;Vanea&#8221; from &#8220;Uncle Vanea&#8221; by A.P. Chekhov;<\/p>\n<p>&#8220;Wangel&#8221; from &#8220;The Woman of the Sea&#8221; by H. Ibsen;<\/p>\n<p>&#8220;Rosenthal&#8221; from &#8220;Anfisa&#8221; by Andreev;<\/p>\n<p>&#8220;The Colonel&#8221; from &#8220;Ghost Sonata&#8221; by A. Strindberg;<\/p>\n<p>&#8220;Caius&#8221; from &#8220;The Merry Wives of Windsor&#8221; by W. Shakespeare;<\/p>\n<p>&#8220;Dan&#8221; from &#8220;An Honorable House&#8221; by H. Lovinescu;<\/p>\n<p>&#8220;Matti&#8221; from &#8220;Mister Puntilla and His Servant Matti&#8221; (&#8220;Mister Puntilla and his servant Matti&#8221;) by B. Brecht;<\/p>\n<p>&#8220;Vladimir&#8221; from &#8220;Waiting for Godot&#8221; by S. Beckett;<\/p>\n<p>&#8220;Cicero&#8221; from &#8220;Julius Caesar&#8221; by W. Shakespeare;<\/p>\n<p>&#8220;Mercutio&#8221; from &#8220;Romeo and Juliet&#8221; by W. Shakespeare;<\/p>\n<p>&#8220;Jacques&#8221; from &#8220;Cum Va Place&#8221; (&#8220;As you like&#8221;) by W. Shakespeare;<\/p>\n<p>&#8220;Lysander&#8221; from &#8220;A Midsummer Night&#8217;s Dream&#8221; by W. Shakespeare;<\/p>\n<p>&#8220;Don Riccardo&#8221; from &#8220;Tirants&#8221; by C. Goldoni;<\/p>\n<p>&#8220;Lubin&#8221; from &#8220;Georges Dandin&#8221; by Molliere;<\/p>\n<p>&#8220;Arlecchino&#8221; from &#8220;All&#8217;Improvisso&#8221; by Gruia Sandu.<\/p>\n<p>[\/vc_column_text][\/vc_column][\/vc_row]<\/p>\n<\/div>","protected":false},"excerpt":{"rendered":"<p>[vc_row][vc_column][vc_column_text css=&#8221;&#8221;]The debut in theater took place in 1988 when he had several roles in revue shows at &#8220;Estrada Armatei&#8221; under the direction of Nicolae Frunzetti;<span class=\"excerpt-hellip\"> [\u2026]<\/span><\/p>\n","protected":false},"author":3,"featured_media":0,"parent":1269,"menu_order":0,"comment_status":"closed","ping_status":"open","template":"","meta":{"footnotes":""},"_links":{"self":[{"href":"https:\/\/www.cosminsofron.ro\/en\/wp-json\/wp\/v2\/pages\/8"}],"collection":[{"href":"https:\/\/www.cosminsofron.ro\/en\/wp-json\/wp\/v2\/pages"}],"about":[{"href":"https:\/\/www.cosminsofron.ro\/en\/wp-json\/wp\/v2\/types\/page"}],"author":[{"embeddable":true,"href":"https:\/\/www.cosminsofron.ro\/en\/wp-json\/wp\/v2\/users\/3"}],"replies":[{"embeddable":true,"href":"https:\/\/www.cosminsofron.ro\/en\/wp-json\/wp\/v2\/comments?post=8"}],"version-history":[{"count":73,"href":"https:\/\/www.cosminsofron.ro\/en\/wp-json\/wp\/v2\/pages\/8\/revisions"}],"predecessor-version":[{"id":2595,"href":"https:\/\/www.cosminsofron.ro\/en\/wp-json\/wp\/v2\/pages\/8\/revisions\/2595"}],"up":[{"embeddable":true,"href":"https:\/\/www.cosminsofron.ro\/en\/wp-json\/wp\/v2\/pages\/1269"}],"wp:attachment":[{"href":"https:\/\/www.cosminsofron.ro\/en\/wp-json\/wp\/v2\/media?parent=8"}],"curies":[{"name":"wp","href":"https:\/\/api.w.org\/{rel}","templated":true}]}}