{"id":365,"date":"2011-09-09T16:36:23","date_gmt":"2011-09-09T13:36:23","guid":{"rendered":"http:\/\/www.cosminsofron.ro\/?page_id=365"},"modified":"2023-03-20T21:50:58","modified_gmt":"2023-03-20T19:50:58","slug":"radio-3","status":"publish","type":"page","link":"https:\/\/www.cosminsofron.ro\/en\/activitate\/radio-3\/","title":{"rendered":"Radio"},"content":{"rendered":"<p>&nbsp;<\/p>\n<p><strong><img loading=\"lazy\" decoding=\"async\" class=\"size-full wp-image-1566 alignright\" src=\"http:\/\/www.cosminsofron.ro\/wp-content\/uploads\/2017\/05\/radio.png\" alt=\"\" width=\"487\" height=\"256\" srcset=\"https:\/\/www.cosminsofron.ro\/wp-content\/uploads\/2017\/05\/radio.png 487w, https:\/\/www.cosminsofron.ro\/wp-content\/uploads\/2017\/05\/radio-260x137.png 260w, https:\/\/www.cosminsofron.ro\/wp-content\/uploads\/2017\/05\/radio-50x26.png 50w, https:\/\/www.cosminsofron.ro\/wp-content\/uploads\/2017\/05\/radio-143x75.png 143w\" sizes=\"(max-width:767px) 480px, 487px\" \/><\/strong><\/p>\n<p><strong>On this page you\u2019ll find a few of the radio show titles where Cosmin Sofron is performing.<\/strong><\/p>\n<ul>\n<li>Main role in \u201eSorocul\u201d by Carmen Silva;<\/li>\n<li>\u201cCristi\u201d in \u201eMitic\u0103-reporterul frenetic sau Nemaipomenitele \u00eent\u00e2mpl\u0103ri ale lui Alex \u015fi Cristi\u201d &#8211; by Octavian Sava, directed by Vasile Manta. (2003)<\/li>\n<li>\u201cThe midget Prince\u201d &#8211; in \u201eThe little chef\u201d by Willhelm Hauf, directed by Vasile Manta, 2003;<\/li>\n<li>\u201cN\u0103t\u0103flea\u0163\u0103\u201d &#8211; in \u201eN\u0103t\u0103flea\u0163\u0103 \u015fi g\u00e2sca de aur\u201d adapted after Grimm Brothers by Boris Petroff, directed by Boris Petroff; 2004<\/li>\n<li>\u201cEnrique Iglesias\u201d &#8211; in the radio teleplay \u201eUciga\u015ful de inimi albastre\u201d, script by Viorel popescu, directed by Vasile Manta, 2004<\/li>\n<li>\u201cThe Angel\u201d and \u201cThe Messenger\u201d in \u201eBaba Dochia\u201d, script by Costin Tuchil\u0103, directed by Vasile Manta; 2005<\/li>\n<li>\u201cThe boy\u201d in \u201eC\u0103lin nebunul\u201d, directed by Vasile Manta; 2005<\/li>\n<li>leading role in the play \u201eSorocul\u201d (&#8220;The Faith&#8221;) by Carmen Sylva; 2006<\/li>\n<li>&#8220;Temak&#8221; in the play \u201eT\u0103r\u00e2mul vr\u0103jit\u201d (&#8220;The enchanted land&#8221;) by Carmen Dominte. Directed by: Mihai Lungeanu; 2010<\/li>\n<li>&#8220;IHamlet&#8221; -de Elise Wilk &#8211; Regia \u015fi adaptarea Mihnea Chelaru. 2018<\/li>\n<li>&#8220;When dolls love&#8221;- after &#8220;Moa\u0163a, Crea\u0163a \u015fi Grasu\u2019 la bal&#8221; by Sidonia Dr\u0103gu\u015fanu- adapted and directed by Mihnea Chelaru. 2019<\/li>\n<li>&#8220;An anonymous history&#8221; by Claudiu Sfirchi-Laudat &#8211; adapted and directed by Mihnea Chelaru. 2019<\/li>\n<li>&#8220;Death dance&#8221;- by Pusa Roth after Liviu Rebreanu- adapted and directed by Mihnea Chelaru. 2018<\/li>\n<li>&#8220;Radio Noir&#8221; &#8211; radio policier series. Adapted and directed by Mihnea Chelaru. 2021\n<ul>\n<li style=\"list-style-type: none;\">\n<ul>\n<li style=\"list-style-type: none;\">\n<ul>\n<li style=\"list-style-type: none;\">\n<ul>\n<li style=\"list-style-type: none;\">\n<ul>\n<li>Episode 1- \u201eNeighborhood crime\u201d &#8211; by Bogdan Hrib<\/li>\n<li>Episode 2- \u201eRed wine for my husband\u201d &#8211; by Tony Mott<\/li>\n<li>Episode 3- \u201eOrgans trafficking\u201d &#8211; by Dan R\u0103doiu<\/li>\n<li>Episode 4- \u201eSara\u201d &#8211; by Daniel Timariu<\/li>\n<li>Episode 5- \u201eNight in Northern Railway Station&#8221; &#8211; by \u015etefan D. Gu\u0163\u0103<\/li>\n<\/ul>\n<\/li>\n<\/ul>\n<\/li>\n<\/ul>\n<\/li>\n<\/ul>\n<\/li>\n<\/ul>\n<\/li>\n<li>&#8220;Langholzfeld&#8221; by Andreas Jungwirth &#8211; adapted by Oana Cristea Grigorescu, directed by Mihnea Chelaru. 2021<\/li>\n<li>\u201d The Courtyard of Miracles\u201d by Iakovos Kambanellis &#8211; directed by Mihnea Chelaru. 2022<\/li>\n<\/ul>\n","protected":false},"excerpt":{"rendered":"<p>&nbsp; On this page you\u2019ll find a few of the radio show titles where Cosmin Sofron is performing. Main role in \u201eSorocul\u201d by Carmen Silva; \u201cCristi\u201d<span class=\"excerpt-hellip\"> [\u2026]<\/span><\/p>\n","protected":false},"author":3,"featured_media":0,"parent":1269,"menu_order":0,"comment_status":"closed","ping_status":"closed","template":"","meta":{"footnotes":""},"_links":{"self":[{"href":"https:\/\/www.cosminsofron.ro\/en\/wp-json\/wp\/v2\/pages\/365"}],"collection":[{"href":"https:\/\/www.cosminsofron.ro\/en\/wp-json\/wp\/v2\/pages"}],"about":[{"href":"https:\/\/www.cosminsofron.ro\/en\/wp-json\/wp\/v2\/types\/page"}],"author":[{"embeddable":true,"href":"https:\/\/www.cosminsofron.ro\/en\/wp-json\/wp\/v2\/users\/3"}],"replies":[{"embeddable":true,"href":"https:\/\/www.cosminsofron.ro\/en\/wp-json\/wp\/v2\/comments?post=365"}],"version-history":[{"count":77,"href":"https:\/\/www.cosminsofron.ro\/en\/wp-json\/wp\/v2\/pages\/365\/revisions"}],"predecessor-version":[{"id":2398,"href":"https:\/\/www.cosminsofron.ro\/en\/wp-json\/wp\/v2\/pages\/365\/revisions\/2398"}],"up":[{"embeddable":true,"href":"https:\/\/www.cosminsofron.ro\/en\/wp-json\/wp\/v2\/pages\/1269"}],"wp:attachment":[{"href":"https:\/\/www.cosminsofron.ro\/en\/wp-json\/wp\/v2\/media?parent=365"}],"curies":[{"name":"wp","href":"https:\/\/api.w.org\/{rel}","templated":true}]}}