{"id":118,"date":"2011-08-31T13:50:36","date_gmt":"2011-08-31T10:50:36","guid":{"rendered":"http:\/\/www.cosminsofron.ro\/?page_id=118"},"modified":"2023-03-20T21:50:58","modified_gmt":"2023-03-20T19:50:58","slug":"galerie-foto-filme","status":"publish","type":"page","link":"https:\/\/www.cosminsofron.ro\/en\/galerie-foto\/galerie-foto-filme\/","title":{"rendered":"Movies"},"content":{"rendered":"\n\t\t\t<style type='text\/css'>\n\t\t\t\t#sc_gallery-1 {\n\t\t\t\t\tmargin: auto;\n\t\t\t\t}\n\t\t\t\t#sc_gallery-1 .gallery-item {\n\t\t\t\t\tfloat: left;\n\t\t\t\t\ttext-align: center;\n\t\t\t\t\twidth: 19.99%;\n\t\t\t\t}\n\t\t\t\t#sc_gallery-1 img {\n\t\t\t\t\tborder: 2px solid #cfcfcf;\n\t\t\t\t}\n\t\t\t\t\/* see sc_gallery() in functions\/theme-shortcodes.php *\/\n\t\t\t<\/style>\n\t\t<div id='sc_gallery-1' class='gallery galleryid-118 gallery-columns-5 gallery-size-thumbnail file gallery-default'><dl class='gallery-item'  data-title='DSC01800_1600x1066' data-description=''><div class='gallery-item-wrapper'>\n\t\t\t\t<dt class='gallery-icon landscape'>\n\t\t\t\t\t<a href='https:\/\/www.cosminsofron.ro\/wp-content\/uploads\/2021\/11\/DSC01800_1600x1066.jpg'><img loading=\"lazy\" decoding=\"async\" width=\"350\" height=\"350\" src=\"https:\/\/www.cosminsofron.ro\/wp-content\/uploads\/2021\/11\/DSC01800_1600x1066-350x350.jpg\" class=\"attachment-thumbnail size-thumbnail\" alt=\"\" srcset=\"https:\/\/www.cosminsofron.ro\/wp-content\/uploads\/2021\/11\/DSC01800_1600x1066-350x350.jpg 350w, https:\/\/www.cosminsofron.ro\/wp-content\/uploads\/2021\/11\/DSC01800_1600x1066-85x85.jpg 85w, https:\/\/www.cosminsofron.ro\/wp-content\/uploads\/2021\/11\/DSC01800_1600x1066-80x80.jpg 80w\" sizes=\"(max-width:767px) 350px, 350px\" \/><\/a>\n\t\t\t\t<\/dt>\n\t\t\t\t\t<dd class='wp-caption-text gallery-caption'>\n\t\t\t\t\tIunie 2021\n\t\t\t\t\t<\/dd><\/div><\/dl><dl class='gallery-item'  data-title='DSC01785_1600x1066' data-description=''><div class='gallery-item-wrapper'>\n\t\t\t\t<dt class='gallery-icon landscape'>\n\t\t\t\t\t<a href='https:\/\/www.cosminsofron.ro\/wp-content\/uploads\/2021\/11\/DSC01785_1600x1066.jpg'><img loading=\"lazy\" decoding=\"async\" width=\"350\" height=\"350\" src=\"https:\/\/www.cosminsofron.ro\/wp-content\/uploads\/2021\/11\/DSC01785_1600x1066-350x350.jpg\" class=\"attachment-thumbnail size-thumbnail\" alt=\"\" srcset=\"https:\/\/www.cosminsofron.ro\/wp-content\/uploads\/2021\/11\/DSC01785_1600x1066-350x350.jpg 350w, https:\/\/www.cosminsofron.ro\/wp-content\/uploads\/2021\/11\/DSC01785_1600x1066-85x85.jpg 85w, https:\/\/www.cosminsofron.ro\/wp-content\/uploads\/2021\/11\/DSC01785_1600x1066-80x80.jpg 80w\" sizes=\"(max-width:767px) 350px, 350px\" \/><\/a>\n\t\t\t\t<\/dt>\n\t\t\t\t\t<dd class='wp-caption-text gallery-caption'>\n\t\t\t\t\tIunie 2021\n\t\t\t\t\t<\/dd><\/div><\/dl><dl class='gallery-item'  data-title='DSC01794_1600x1066' data-description=''><div class='gallery-item-wrapper'>\n\t\t\t\t<dt class='gallery-icon landscape'>\n\t\t\t\t\t<a href='https:\/\/www.cosminsofron.ro\/wp-content\/uploads\/2021\/11\/DSC01794_1600x1066.jpg'><img loading=\"lazy\" decoding=\"async\" width=\"350\" height=\"350\" src=\"https:\/\/www.cosminsofron.ro\/wp-content\/uploads\/2021\/11\/DSC01794_1600x1066-350x350.jpg\" class=\"attachment-thumbnail size-thumbnail\" alt=\"\" srcset=\"https:\/\/www.cosminsofron.ro\/wp-content\/uploads\/2021\/11\/DSC01794_1600x1066-350x350.jpg 350w, https:\/\/www.cosminsofron.ro\/wp-content\/uploads\/2021\/11\/DSC01794_1600x1066-85x85.jpg 85w, https:\/\/www.cosminsofron.ro\/wp-content\/uploads\/2021\/11\/DSC01794_1600x1066-80x80.jpg 80w\" sizes=\"(max-width:767px) 350px, 350px\" \/><\/a>\n\t\t\t\t<\/dt>\n\t\t\t\t\t<dd class='wp-caption-text gallery-caption'>\n\t\t\t\t\tIunie 2021\n\t\t\t\t\t<\/dd><\/div><\/dl><dl class='gallery-item'  data-title='DSC01791_1600x1066' data-description=''><div class='gallery-item-wrapper'>\n\t\t\t\t<dt class='gallery-icon landscape'>\n\t\t\t\t\t<a href='https:\/\/www.cosminsofron.ro\/wp-content\/uploads\/2021\/11\/DSC01791_1600x1066.jpg'><img loading=\"lazy\" decoding=\"async\" width=\"350\" height=\"350\" src=\"https:\/\/www.cosminsofron.ro\/wp-content\/uploads\/2021\/11\/DSC01791_1600x1066-350x350.jpg\" class=\"attachment-thumbnail size-thumbnail\" alt=\"\" srcset=\"https:\/\/www.cosminsofron.ro\/wp-content\/uploads\/2021\/11\/DSC01791_1600x1066-350x350.jpg 350w, https:\/\/www.cosminsofron.ro\/wp-content\/uploads\/2021\/11\/DSC01791_1600x1066-85x85.jpg 85w, https:\/\/www.cosminsofron.ro\/wp-content\/uploads\/2021\/11\/DSC01791_1600x1066-80x80.jpg 80w\" sizes=\"(max-width:767px) 350px, 350px\" \/><\/a>\n\t\t\t\t<\/dt>\n\t\t\t\t\t<dd class='wp-caption-text gallery-caption'>\n\t\t\t\t\tIunie 2021\n\t\t\t\t\t<\/dd><\/div><\/dl><dl class='gallery-item'  data-title='12-11-2015 filmari Radu Jude (10)' data-description=''><div class='gallery-item-wrapper'>\n\t\t\t\t<dt class='gallery-icon portrait'>\n\t\t\t\t\t<a href='https:\/\/www.cosminsofron.ro\/wp-content\/uploads\/2018\/03\/12-11-2015-filmari-Radu-Jude-10-e1520624350323.jpg'><img loading=\"lazy\" decoding=\"async\" width=\"350\" height=\"350\" src=\"https:\/\/www.cosminsofron.ro\/wp-content\/uploads\/2018\/03\/12-11-2015-filmari-Radu-Jude-10-e1520624350323-350x350.jpg\" class=\"attachment-thumbnail size-thumbnail\" alt=\"\" srcset=\"https:\/\/www.cosminsofron.ro\/wp-content\/uploads\/2018\/03\/12-11-2015-filmari-Radu-Jude-10-e1520624350323-350x350.jpg 350w, https:\/\/www.cosminsofron.ro\/wp-content\/uploads\/2018\/03\/12-11-2015-filmari-Radu-Jude-10-e1520624350323-85x85.jpg 85w, https:\/\/www.cosminsofron.ro\/wp-content\/uploads\/2018\/03\/12-11-2015-filmari-Radu-Jude-10-e1520624350323-80x80.jpg 80w\" sizes=\"(max-width:767px) 350px, 350px\" \/><\/a>\n\t\t\t\t<\/dt>\n\t\t\t\t\t<dd class='wp-caption-text gallery-caption'>\n\t\t\t\t\tInimi cicatrizate &#8211; 2015\n\t\t\t\t\t<\/dd><\/div><\/dl><br style=\"clear: both\" \/><dl class='gallery-item'  data-title='MAR_6220' data-description=''><div class='gallery-item-wrapper'>\n\t\t\t\t<dt class='gallery-icon landscape'>\n\t\t\t\t\t<a href='https:\/\/www.cosminsofron.ro\/wp-content\/uploads\/2018\/03\/MAR_6220.jpg'><img loading=\"lazy\" decoding=\"async\" width=\"350\" height=\"350\" src=\"https:\/\/www.cosminsofron.ro\/wp-content\/uploads\/2018\/03\/MAR_6220-350x350.jpg\" class=\"attachment-thumbnail size-thumbnail\" alt=\"\" srcset=\"https:\/\/www.cosminsofron.ro\/wp-content\/uploads\/2018\/03\/MAR_6220-350x350.jpg 350w, https:\/\/www.cosminsofron.ro\/wp-content\/uploads\/2018\/03\/MAR_6220-85x85.jpg 85w, https:\/\/www.cosminsofron.ro\/wp-content\/uploads\/2018\/03\/MAR_6220-80x80.jpg 80w\" sizes=\"(max-width:767px) 350px, 350px\" \/><\/a>\n\t\t\t\t<\/dt>\n\t\t\t\t\t<dd class='wp-caption-text gallery-caption'>\n\t\t\t\t\tTinere\u0163e \u00een r\u0103zboi &#8211; 2009\n\t\t\t\t\t<\/dd><\/div><\/dl><dl class='gallery-item'  data-title='IMG_0362' data-description=''><div class='gallery-item-wrapper'>\n\t\t\t\t<dt class='gallery-icon landscape'>\n\t\t\t\t\t<a href='https:\/\/www.cosminsofron.ro\/wp-content\/uploads\/2018\/03\/IMG_0362.jpg'><img loading=\"lazy\" decoding=\"async\" width=\"350\" height=\"350\" src=\"https:\/\/www.cosminsofron.ro\/wp-content\/uploads\/2018\/03\/IMG_0362-350x350.jpg\" class=\"attachment-thumbnail size-thumbnail\" alt=\"\" srcset=\"https:\/\/www.cosminsofron.ro\/wp-content\/uploads\/2018\/03\/IMG_0362-350x350.jpg 350w, https:\/\/www.cosminsofron.ro\/wp-content\/uploads\/2018\/03\/IMG_0362-85x85.jpg 85w, https:\/\/www.cosminsofron.ro\/wp-content\/uploads\/2018\/03\/IMG_0362-80x80.jpg 80w\" sizes=\"(max-width:767px) 350px, 350px\" \/><\/a>\n\t\t\t\t<\/dt>\n\t\t\t\t\t<dd class='wp-caption-text gallery-caption'>\n\t\t\t\t\tTinere\u0163e \u00een r\u0103zboi &#8211; 2009\n\t\t\t\t\t<\/dd><\/div><\/dl><dl class='gallery-item'  data-title='MAR_6092' data-description=''><div class='gallery-item-wrapper'>\n\t\t\t\t<dt class='gallery-icon landscape'>\n\t\t\t\t\t<a href='https:\/\/www.cosminsofron.ro\/wp-content\/uploads\/2018\/03\/MAR_6092.jpg'><img loading=\"lazy\" decoding=\"async\" width=\"350\" height=\"350\" src=\"https:\/\/www.cosminsofron.ro\/wp-content\/uploads\/2018\/03\/MAR_6092-350x350.jpg\" class=\"attachment-thumbnail size-thumbnail\" alt=\"\" srcset=\"https:\/\/www.cosminsofron.ro\/wp-content\/uploads\/2018\/03\/MAR_6092-350x350.jpg 350w, https:\/\/www.cosminsofron.ro\/wp-content\/uploads\/2018\/03\/MAR_6092-85x85.jpg 85w, https:\/\/www.cosminsofron.ro\/wp-content\/uploads\/2018\/03\/MAR_6092-80x80.jpg 80w\" sizes=\"(max-width:767px) 350px, 350px\" \/><\/a>\n\t\t\t\t<\/dt>\n\t\t\t\t\t<dd class='wp-caption-text gallery-caption'>\n\t\t\t\t\tTinere\u0163e \u00een r\u0103zboi &#8211; 2009\n\t\t\t\t\t<\/dd><\/div><\/dl><dl class='gallery-item'  data-title='IMG_0415' data-description=''><div class='gallery-item-wrapper'>\n\t\t\t\t<dt class='gallery-icon portrait'>\n\t\t\t\t\t<a href='https:\/\/www.cosminsofron.ro\/wp-content\/uploads\/2018\/03\/IMG_0415.jpg'><img loading=\"lazy\" decoding=\"async\" width=\"350\" height=\"350\" src=\"https:\/\/www.cosminsofron.ro\/wp-content\/uploads\/2018\/03\/IMG_0415-350x350.jpg\" class=\"attachment-thumbnail size-thumbnail\" alt=\"\" srcset=\"https:\/\/www.cosminsofron.ro\/wp-content\/uploads\/2018\/03\/IMG_0415-350x350.jpg 350w, https:\/\/www.cosminsofron.ro\/wp-content\/uploads\/2018\/03\/IMG_0415-85x85.jpg 85w, https:\/\/www.cosminsofron.ro\/wp-content\/uploads\/2018\/03\/IMG_0415-80x80.jpg 80w\" sizes=\"(max-width:767px) 350px, 350px\" \/><\/a>\n\t\t\t\t<\/dt>\n\t\t\t\t\t<dd class='wp-caption-text gallery-caption'>\n\t\t\t\t\tTinere\u0163e \u00een r\u0103zboi &#8211; 2009\n\t\t\t\t\t<\/dd><\/div><\/dl><dl class='gallery-item'  data-title='teenage3' data-description=''><div class='gallery-item-wrapper'>\n\t\t\t\t<dt class='gallery-icon portrait'>\n\t\t\t\t\t<a href='https:\/\/www.cosminsofron.ro\/wp-content\/uploads\/2011\/08\/teenage3.jpg'><img loading=\"lazy\" decoding=\"async\" width=\"350\" height=\"350\" src=\"https:\/\/www.cosminsofron.ro\/wp-content\/uploads\/2011\/08\/teenage3-350x350.jpg\" class=\"attachment-thumbnail size-thumbnail\" alt=\"\" srcset=\"https:\/\/www.cosminsofron.ro\/wp-content\/uploads\/2011\/08\/teenage3-350x350.jpg 350w, https:\/\/www.cosminsofron.ro\/wp-content\/uploads\/2011\/08\/teenage3-85x85.jpg 85w, https:\/\/www.cosminsofron.ro\/wp-content\/uploads\/2011\/08\/teenage3-80x80.jpg 80w\" sizes=\"(max-width:767px) 350px, 350px\" \/><\/a>\n\t\t\t\t<\/dt>\n\t\t\t\t\t<dd class='wp-caption-text gallery-caption'>\n\t\t\t\t\tTeenage space vampires &#8211; 1998\n\t\t\t\t\t<\/dd><\/div><\/dl><br style=\"clear: both\" \/><dl class='gallery-item'  data-title='teenage2' data-description=''><div class='gallery-item-wrapper'>\n\t\t\t\t<dt class='gallery-icon portrait'>\n\t\t\t\t\t<a href='https:\/\/www.cosminsofron.ro\/wp-content\/uploads\/2011\/08\/teenage2.jpg'><img loading=\"lazy\" decoding=\"async\" width=\"350\" height=\"350\" src=\"https:\/\/www.cosminsofron.ro\/wp-content\/uploads\/2011\/08\/teenage2-350x350.jpg\" class=\"attachment-thumbnail size-thumbnail\" alt=\"\" srcset=\"https:\/\/www.cosminsofron.ro\/wp-content\/uploads\/2011\/08\/teenage2-350x350.jpg 350w, https:\/\/www.cosminsofron.ro\/wp-content\/uploads\/2011\/08\/teenage2-85x85.jpg 85w, https:\/\/www.cosminsofron.ro\/wp-content\/uploads\/2011\/08\/teenage2-80x80.jpg 80w\" sizes=\"(max-width:767px) 350px, 350px\" \/><\/a>\n\t\t\t\t<\/dt>\n\t\t\t\t\t<dd class='wp-caption-text gallery-caption'>\n\t\t\t\t\tTeenage space vampires &#8211; 1998\n\t\t\t\t\t<\/dd><\/div><\/dl><dl class='gallery-item'  data-title='teenage1' data-description=''><div class='gallery-item-wrapper'>\n\t\t\t\t<dt class='gallery-icon portrait'>\n\t\t\t\t\t<a href='https:\/\/www.cosminsofron.ro\/wp-content\/uploads\/2011\/08\/teenage1.jpg'><img loading=\"lazy\" decoding=\"async\" width=\"350\" height=\"350\" src=\"https:\/\/www.cosminsofron.ro\/wp-content\/uploads\/2011\/08\/teenage1-350x350.jpg\" class=\"attachment-thumbnail size-thumbnail\" alt=\"\" srcset=\"https:\/\/www.cosminsofron.ro\/wp-content\/uploads\/2011\/08\/teenage1-350x350.jpg 350w, https:\/\/www.cosminsofron.ro\/wp-content\/uploads\/2011\/08\/teenage1-85x85.jpg 85w, https:\/\/www.cosminsofron.ro\/wp-content\/uploads\/2011\/08\/teenage1-80x80.jpg 80w\" sizes=\"(max-width:767px) 350px, 350px\" \/><\/a>\n\t\t\t\t<\/dt>\n\t\t\t\t\t<dd class='wp-caption-text gallery-caption'>\n\t\t\t\t\tTeenage space vampires &#8211; 1998\n\t\t\t\t\t<\/dd><\/div><\/dl><dl class='gallery-item'  data-title='triunghiul' data-description=''><div class='gallery-item-wrapper'>\n\t\t\t\t<dt class='gallery-icon portrait'>\n\t\t\t\t\t<a href='https:\/\/www.cosminsofron.ro\/wp-content\/uploads\/2011\/08\/triunghiul.jpg'><img loading=\"lazy\" decoding=\"async\" width=\"350\" height=\"350\" src=\"https:\/\/www.cosminsofron.ro\/wp-content\/uploads\/2011\/08\/triunghiul-350x350.jpg\" class=\"attachment-thumbnail size-thumbnail\" alt=\"\" srcset=\"https:\/\/www.cosminsofron.ro\/wp-content\/uploads\/2011\/08\/triunghiul-350x350.jpg 350w, https:\/\/www.cosminsofron.ro\/wp-content\/uploads\/2011\/08\/triunghiul-85x85.jpg 85w, https:\/\/www.cosminsofron.ro\/wp-content\/uploads\/2011\/08\/triunghiul-80x80.jpg 80w\" sizes=\"(max-width:767px) 350px, 350px\" \/><\/a>\n\t\t\t\t<\/dt>\n\t\t\t\t\t<dd class='wp-caption-text gallery-caption'>\n\t\t\t\t\tTriunghiul mor\u0163ii &#8211; 1998\n\t\t\t\t\t<\/dd><\/div><\/dl><dl class='gallery-item'  data-title='liceenii6' data-description=''><div class='gallery-item-wrapper'>\n\t\t\t\t<dt class='gallery-icon landscape'>\n\t\t\t\t\t<a href='https:\/\/www.cosminsofron.ro\/wp-content\/uploads\/2011\/08\/liceenii6.jpg'><img loading=\"lazy\" decoding=\"async\" width=\"350\" height=\"350\" src=\"https:\/\/www.cosminsofron.ro\/wp-content\/uploads\/2011\/08\/liceenii6-350x350.jpg\" class=\"attachment-thumbnail size-thumbnail\" alt=\"\" srcset=\"https:\/\/www.cosminsofron.ro\/wp-content\/uploads\/2011\/08\/liceenii6-350x350.jpg 350w, https:\/\/www.cosminsofron.ro\/wp-content\/uploads\/2011\/08\/liceenii6-85x85.jpg 85w, https:\/\/www.cosminsofron.ro\/wp-content\/uploads\/2011\/08\/liceenii6-80x80.jpg 80w\" sizes=\"(max-width:767px) 350px, 350px\" \/><\/a>\n\t\t\t\t<\/dt>\n\t\t\t\t\t<dd class='wp-caption-text gallery-caption'>\n\t\t\t\t\tLiceenii \u00een alert\u0103 &#8211; 1993\n\t\t\t\t\t<\/dd><\/div><\/dl><dl class='gallery-item'  data-title='liceenii5' data-description=''><div class='gallery-item-wrapper'>\n\t\t\t\t<dt class='gallery-icon landscape'>\n\t\t\t\t\t<a href='https:\/\/www.cosminsofron.ro\/wp-content\/uploads\/2011\/08\/liceenii5.jpg'><img loading=\"lazy\" decoding=\"async\" width=\"350\" height=\"350\" src=\"https:\/\/www.cosminsofron.ro\/wp-content\/uploads\/2011\/08\/liceenii5-350x350.jpg\" class=\"attachment-thumbnail size-thumbnail\" alt=\"\" srcset=\"https:\/\/www.cosminsofron.ro\/wp-content\/uploads\/2011\/08\/liceenii5-350x350.jpg 350w, https:\/\/www.cosminsofron.ro\/wp-content\/uploads\/2011\/08\/liceenii5-85x85.jpg 85w, https:\/\/www.cosminsofron.ro\/wp-content\/uploads\/2011\/08\/liceenii5-80x80.jpg 80w\" sizes=\"(max-width:767px) 350px, 350px\" \/><\/a>\n\t\t\t\t<\/dt>\n\t\t\t\t\t<dd class='wp-caption-text gallery-caption'>\n\t\t\t\t\tLiceenii \u00een alert\u0103 &#8211; 1993\n\t\t\t\t\t<\/dd><\/div><\/dl><br style=\"clear: both\" \/><dl class='gallery-item'  data-title='liceenii4' data-description=''><div class='gallery-item-wrapper'>\n\t\t\t\t<dt class='gallery-icon landscape'>\n\t\t\t\t\t<a href='https:\/\/www.cosminsofron.ro\/wp-content\/uploads\/2011\/08\/liceenii4.jpg'><img loading=\"lazy\" decoding=\"async\" width=\"350\" height=\"350\" src=\"https:\/\/www.cosminsofron.ro\/wp-content\/uploads\/2011\/08\/liceenii4-350x350.jpg\" class=\"attachment-thumbnail size-thumbnail\" alt=\"\" srcset=\"https:\/\/www.cosminsofron.ro\/wp-content\/uploads\/2011\/08\/liceenii4-350x350.jpg 350w, https:\/\/www.cosminsofron.ro\/wp-content\/uploads\/2011\/08\/liceenii4-85x85.jpg 85w, https:\/\/www.cosminsofron.ro\/wp-content\/uploads\/2011\/08\/liceenii4-80x80.jpg 80w\" sizes=\"(max-width:767px) 350px, 350px\" \/><\/a>\n\t\t\t\t<\/dt>\n\t\t\t\t\t<dd class='wp-caption-text gallery-caption'>\n\t\t\t\t\tLiceenii \u00een alert\u0103 &#8211; 1993\n\t\t\t\t\t<\/dd><\/div><\/dl><dl class='gallery-item'  data-title='liceenii3' data-description=''><div class='gallery-item-wrapper'>\n\t\t\t\t<dt class='gallery-icon landscape'>\n\t\t\t\t\t<a href='https:\/\/www.cosminsofron.ro\/wp-content\/uploads\/2011\/08\/liceenii3.jpg'><img loading=\"lazy\" decoding=\"async\" width=\"350\" height=\"350\" src=\"https:\/\/www.cosminsofron.ro\/wp-content\/uploads\/2011\/08\/liceenii3-350x350.jpg\" class=\"attachment-thumbnail size-thumbnail\" alt=\"\" srcset=\"https:\/\/www.cosminsofron.ro\/wp-content\/uploads\/2011\/08\/liceenii3-350x350.jpg 350w, https:\/\/www.cosminsofron.ro\/wp-content\/uploads\/2011\/08\/liceenii3-85x85.jpg 85w, https:\/\/www.cosminsofron.ro\/wp-content\/uploads\/2011\/08\/liceenii3-80x80.jpg 80w\" sizes=\"(max-width:767px) 350px, 350px\" \/><\/a>\n\t\t\t\t<\/dt>\n\t\t\t\t\t<dd class='wp-caption-text gallery-caption'>\n\t\t\t\t\tLiceenii \u00een alert\u0103 &#8211; 1993\n\t\t\t\t\t<\/dd><\/div><\/dl><dl class='gallery-item'  data-title='liceenii2' data-description=''><div class='gallery-item-wrapper'>\n\t\t\t\t<dt class='gallery-icon landscape'>\n\t\t\t\t\t<a href='https:\/\/www.cosminsofron.ro\/wp-content\/uploads\/2011\/08\/liceenii2.jpg'><img loading=\"lazy\" decoding=\"async\" width=\"350\" height=\"350\" src=\"https:\/\/www.cosminsofron.ro\/wp-content\/uploads\/2011\/08\/liceenii2-350x350.jpg\" class=\"attachment-thumbnail size-thumbnail\" alt=\"\" srcset=\"https:\/\/www.cosminsofron.ro\/wp-content\/uploads\/2011\/08\/liceenii2-350x350.jpg 350w, https:\/\/www.cosminsofron.ro\/wp-content\/uploads\/2011\/08\/liceenii2-85x85.jpg 85w, https:\/\/www.cosminsofron.ro\/wp-content\/uploads\/2011\/08\/liceenii2-80x80.jpg 80w\" sizes=\"(max-width:767px) 350px, 350px\" \/><\/a>\n\t\t\t\t<\/dt>\n\t\t\t\t\t<dd class='wp-caption-text gallery-caption'>\n\t\t\t\t\tLiceenii \u00een alert\u0103 &#8211; 1993\n\t\t\t\t\t<\/dd><\/div><\/dl><dl class='gallery-item'  data-title='liceenii1' data-description=''><div class='gallery-item-wrapper'>\n\t\t\t\t<dt class='gallery-icon landscape'>\n\t\t\t\t\t<a href='https:\/\/www.cosminsofron.ro\/wp-content\/uploads\/2011\/08\/liceenii1.jpg'><img loading=\"lazy\" decoding=\"async\" width=\"350\" height=\"350\" src=\"https:\/\/www.cosminsofron.ro\/wp-content\/uploads\/2011\/08\/liceenii1-350x350.jpg\" class=\"attachment-thumbnail size-thumbnail\" alt=\"\" srcset=\"https:\/\/www.cosminsofron.ro\/wp-content\/uploads\/2011\/08\/liceenii1-350x350.jpg 350w, https:\/\/www.cosminsofron.ro\/wp-content\/uploads\/2011\/08\/liceenii1-85x85.jpg 85w, https:\/\/www.cosminsofron.ro\/wp-content\/uploads\/2011\/08\/liceenii1-80x80.jpg 80w\" sizes=\"(max-width:767px) 350px, 350px\" \/><\/a>\n\t\t\t\t<\/dt>\n\t\t\t\t\t<dd class='wp-caption-text gallery-caption'>\n\t\t\t\t\tLiceenii \u00een alert\u0103 &#8211; 1993\n\t\t\t\t\t<\/dd><\/div><\/dl><dl class='gallery-item'  data-title='Marele Premiu 2' data-description=''><div class='gallery-item-wrapper'>\n\t\t\t\t<dt class='gallery-icon portrait'>\n\t\t\t\t\t<a href='https:\/\/www.cosminsofron.ro\/wp-content\/uploads\/2011\/08\/Marele-Premiu-2.jpg'><img loading=\"lazy\" decoding=\"async\" width=\"350\" height=\"350\" src=\"https:\/\/www.cosminsofron.ro\/wp-content\/uploads\/2011\/08\/Marele-Premiu-2-350x350.jpg\" class=\"attachment-thumbnail size-thumbnail\" alt=\"\" srcset=\"https:\/\/www.cosminsofron.ro\/wp-content\/uploads\/2011\/08\/Marele-Premiu-2-350x350.jpg 350w, https:\/\/www.cosminsofron.ro\/wp-content\/uploads\/2011\/08\/Marele-Premiu-2-85x85.jpg 85w, https:\/\/www.cosminsofron.ro\/wp-content\/uploads\/2011\/08\/Marele-Premiu-2-80x80.jpg 80w\" sizes=\"(max-width:767px) 350px, 350px\" \/><\/a>\n\t\t\t\t<\/dt>\n\t\t\t\t\t<dd class='wp-caption-text gallery-caption'>\n\t\t\t\t\tMarele premiu &#8211; 1985\n\t\t\t\t\t<\/dd><\/div><\/dl><br style=\"clear: both\" \/><dl class='gallery-item'  data-title='aripi3' data-description=''><div class='gallery-item-wrapper'>\n\t\t\t\t<dt class='gallery-icon landscape'>\n\t\t\t\t\t<a href='https:\/\/www.cosminsofron.ro\/wp-content\/uploads\/2011\/08\/aripi3.jpg'><img loading=\"lazy\" decoding=\"async\" width=\"350\" height=\"350\" src=\"https:\/\/www.cosminsofron.ro\/wp-content\/uploads\/2011\/08\/aripi3-350x350.jpg\" class=\"attachment-thumbnail size-thumbnail\" alt=\"\" srcset=\"https:\/\/www.cosminsofron.ro\/wp-content\/uploads\/2011\/08\/aripi3-350x350.jpg 350w, https:\/\/www.cosminsofron.ro\/wp-content\/uploads\/2011\/08\/aripi3-85x85.jpg 85w, https:\/\/www.cosminsofron.ro\/wp-content\/uploads\/2011\/08\/aripi3-80x80.jpg 80w\" sizes=\"(max-width:767px) 350px, 350px\" \/><\/a>\n\t\t\t\t<\/dt>\n\t\t\t\t\t<dd class='wp-caption-text gallery-caption'>\n\t\t\t\t\tVreau s\u0103 \u015ftiu de ce am aripi-1983\n\t\t\t\t\t<\/dd><\/div><\/dl><dl class='gallery-item'  data-title='aripi2' data-description=''><div class='gallery-item-wrapper'>\n\t\t\t\t<dt class='gallery-icon landscape'>\n\t\t\t\t\t<a href='https:\/\/www.cosminsofron.ro\/wp-content\/uploads\/2011\/08\/aripi2.jpg'><img loading=\"lazy\" decoding=\"async\" width=\"350\" height=\"350\" src=\"https:\/\/www.cosminsofron.ro\/wp-content\/uploads\/2011\/08\/aripi2-350x350.jpg\" class=\"attachment-thumbnail size-thumbnail\" alt=\"\" srcset=\"https:\/\/www.cosminsofron.ro\/wp-content\/uploads\/2011\/08\/aripi2-350x350.jpg 350w, https:\/\/www.cosminsofron.ro\/wp-content\/uploads\/2011\/08\/aripi2-85x85.jpg 85w, https:\/\/www.cosminsofron.ro\/wp-content\/uploads\/2011\/08\/aripi2-80x80.jpg 80w\" sizes=\"(max-width:767px) 350px, 350px\" \/><\/a>\n\t\t\t\t<\/dt>\n\t\t\t\t\t<dd class='wp-caption-text gallery-caption'>\n\t\t\t\t\tVreau s\u0103 \u015ftiu de ce am aripi-1983\n\t\t\t\t\t<\/dd><\/div><\/dl><dl class='gallery-item'  data-title='ARTPOZ~1' data-description=''><div class='gallery-item-wrapper'>\n\t\t\t\t<dt class='gallery-icon portrait'>\n\t\t\t\t\t<a href='https:\/\/www.cosminsofron.ro\/wp-content\/uploads\/2011\/08\/ARTPOZ1.jpg'><img loading=\"lazy\" decoding=\"async\" width=\"350\" height=\"350\" src=\"https:\/\/www.cosminsofron.ro\/wp-content\/uploads\/2011\/08\/ARTPOZ1-350x350.jpg\" class=\"attachment-thumbnail size-thumbnail\" alt=\"\" srcset=\"https:\/\/www.cosminsofron.ro\/wp-content\/uploads\/2011\/08\/ARTPOZ1-350x350.jpg 350w, https:\/\/www.cosminsofron.ro\/wp-content\/uploads\/2011\/08\/ARTPOZ1-85x85.jpg 85w, https:\/\/www.cosminsofron.ro\/wp-content\/uploads\/2011\/08\/ARTPOZ1-80x80.jpg 80w\" sizes=\"(max-width:767px) 350px, 350px\" \/><\/a>\n\t\t\t\t<\/dt>\n\t\t\t\t\t<dd class='wp-caption-text gallery-caption'>\n\t\t\t\t\tVreau s\u0103 \u015ftiu de ce am aripi-1983\n\t\t\t\t\t<\/dd><\/div><\/dl><dl class='gallery-item'  data-title='aripi1' data-description=''><div class='gallery-item-wrapper'>\n\t\t\t\t<dt class='gallery-icon landscape'>\n\t\t\t\t\t<a href='https:\/\/www.cosminsofron.ro\/wp-content\/uploads\/2011\/08\/aripi1.jpg'><img loading=\"lazy\" decoding=\"async\" width=\"350\" height=\"350\" src=\"https:\/\/www.cosminsofron.ro\/wp-content\/uploads\/2011\/08\/aripi1-350x350.jpg\" class=\"attachment-thumbnail size-thumbnail\" alt=\"\" srcset=\"https:\/\/www.cosminsofron.ro\/wp-content\/uploads\/2011\/08\/aripi1-350x350.jpg 350w, https:\/\/www.cosminsofron.ro\/wp-content\/uploads\/2011\/08\/aripi1-85x85.jpg 85w, https:\/\/www.cosminsofron.ro\/wp-content\/uploads\/2011\/08\/aripi1-80x80.jpg 80w\" sizes=\"(max-width:767px) 350px, 350px\" \/><\/a>\n\t\t\t\t<\/dt>\n\t\t\t\t\t<dd class='wp-caption-text gallery-caption'>\n\t\t\t\t\tVreau s\u0103 \u015ftiu de ce am aripi-1983\n\t\t\t\t\t<\/dd><\/div><\/dl><dl class='gallery-item'  data-title='Afis film Vreau sa stiu de ce am aripi' data-description=''><div class='gallery-item-wrapper'>\n\t\t\t\t<dt class='gallery-icon portrait'>\n\t\t\t\t\t<a href='https:\/\/www.cosminsofron.ro\/wp-content\/uploads\/2011\/08\/Afis-film-Vreau-sa-stiu-de-ce-am-aripi.jpg'><img loading=\"lazy\" decoding=\"async\" width=\"350\" height=\"350\" src=\"https:\/\/www.cosminsofron.ro\/wp-content\/uploads\/2011\/08\/Afis-film-Vreau-sa-stiu-de-ce-am-aripi-350x350.jpg\" class=\"attachment-thumbnail size-thumbnail\" alt=\"\" srcset=\"https:\/\/www.cosminsofron.ro\/wp-content\/uploads\/2011\/08\/Afis-film-Vreau-sa-stiu-de-ce-am-aripi-350x350.jpg 350w, https:\/\/www.cosminsofron.ro\/wp-content\/uploads\/2011\/08\/Afis-film-Vreau-sa-stiu-de-ce-am-aripi-85x85.jpg 85w, https:\/\/www.cosminsofron.ro\/wp-content\/uploads\/2011\/08\/Afis-film-Vreau-sa-stiu-de-ce-am-aripi-80x80.jpg 80w\" sizes=\"(max-width:767px) 350px, 350px\" \/><\/a>\n\t\t\t\t<\/dt>\n\t\t\t\t\t<dd class='wp-caption-text gallery-caption'>\n\t\t\t\t\tVreau s\u0103 \u015ftiu de ce am aripi-1983\n\t\t\t\t\t<\/dd><\/div><\/dl><br style=\"clear: both\" \/><dl class='gallery-item'  data-title='Afis Vreau sa stiu de ce am aripi3' data-description=''><div class='gallery-item-wrapper'>\n\t\t\t\t<dt class='gallery-icon portrait'>\n\t\t\t\t\t<a href='https:\/\/www.cosminsofron.ro\/wp-content\/uploads\/2011\/08\/Afis-Vreau-sa-stiu-de-ce-am-aripi3.jpg'><img loading=\"lazy\" decoding=\"async\" width=\"350\" height=\"350\" src=\"https:\/\/www.cosminsofron.ro\/wp-content\/uploads\/2011\/08\/Afis-Vreau-sa-stiu-de-ce-am-aripi3-350x350.jpg\" class=\"attachment-thumbnail size-thumbnail\" alt=\"\" srcset=\"https:\/\/www.cosminsofron.ro\/wp-content\/uploads\/2011\/08\/Afis-Vreau-sa-stiu-de-ce-am-aripi3-350x350.jpg 350w, https:\/\/www.cosminsofron.ro\/wp-content\/uploads\/2011\/08\/Afis-Vreau-sa-stiu-de-ce-am-aripi3-85x85.jpg 85w, https:\/\/www.cosminsofron.ro\/wp-content\/uploads\/2011\/08\/Afis-Vreau-sa-stiu-de-ce-am-aripi3-80x80.jpg 80w, https:\/\/www.cosminsofron.ro\/wp-content\/uploads\/2011\/08\/Afis-Vreau-sa-stiu-de-ce-am-aripi3-750x750.jpg 750w\" sizes=\"(max-width:767px) 350px, 350px\" \/><\/a>\n\t\t\t\t<\/dt>\n\t\t\t\t\t<dd class='wp-caption-text gallery-caption'>\n\t\t\t\t\tVreau s\u0103 \u015ftiu de ce am aripi-1983\n\t\t\t\t\t<\/dd><\/div><\/dl>\n\t\t\t\t<br style='clear: both' \/>\n\t\t\t<\/div>\n\n","protected":false},"excerpt":{"rendered":"Iunie 2021 Iunie 2021 Iunie 2021 Iunie 2021 Inimi cicatrizate &#8211; 2015 Tinere\u0163e \u00een r\u0103zboi &#8211; 2009 Tinere\u0163e \u00een r\u0103zboi &#8211; 2009 Tinere\u0163e \u00een r\u0103zboi &#8211;<span class=\"excerpt-hellip\"> [\u2026]<\/span>","protected":false},"author":3,"featured_media":0,"parent":1209,"menu_order":0,"comment_status":"closed","ping_status":"closed","template":"","meta":{"footnotes":""},"_links":{"self":[{"href":"https:\/\/www.cosminsofron.ro\/en\/wp-json\/wp\/v2\/pages\/118"}],"collection":[{"href":"https:\/\/www.cosminsofron.ro\/en\/wp-json\/wp\/v2\/pages"}],"about":[{"href":"https:\/\/www.cosminsofron.ro\/en\/wp-json\/wp\/v2\/types\/page"}],"author":[{"embeddable":true,"href":"https:\/\/www.cosminsofron.ro\/en\/wp-json\/wp\/v2\/users\/3"}],"replies":[{"embeddable":true,"href":"https:\/\/www.cosminsofron.ro\/en\/wp-json\/wp\/v2\/comments?post=118"}],"version-history":[{"count":16,"href":"https:\/\/www.cosminsofron.ro\/en\/wp-json\/wp\/v2\/pages\/118\/revisions"}],"predecessor-version":[{"id":2331,"href":"https:\/\/www.cosminsofron.ro\/en\/wp-json\/wp\/v2\/pages\/118\/revisions\/2331"}],"up":[{"embeddable":true,"href":"https:\/\/www.cosminsofron.ro\/en\/wp-json\/wp\/v2\/pages\/1209"}],"wp:attachment":[{"href":"https:\/\/www.cosminsofron.ro\/en\/wp-json\/wp\/v2\/media?parent=118"}],"curies":[{"name":"wp","href":"https:\/\/api.w.org\/{rel}","templated":true}]}}