{"id":10,"date":"2011-08-29T14:19:43","date_gmt":"2011-08-29T14:19:43","guid":{"rendered":"http:\/\/www.cosminsofron.ro\/?page_id=10"},"modified":"2025-10-24T07:44:53","modified_gmt":"2025-10-24T04:44:53","slug":"movies","status":"publish","type":"page","link":"https:\/\/www.cosminsofron.ro\/en\/activitate\/movies\/","title":{"rendered":"Movies"},"content":{"rendered":"<div class=\"wpb-content-wrapper\"><p>[vc_row][vc_column][vc_column_text css=&#8221;&#8221;]<strong><img loading=\"lazy\" decoding=\"async\" class=\"alignright size-full wp-image-1549\" src=\"http:\/\/www.cosminsofron.ro\/wp-content\/uploads\/2011\/08\/film.png\" alt=\"\" width=\"487\" height=\"256\" srcset=\"https:\/\/www.cosminsofron.ro\/wp-content\/uploads\/2011\/08\/film.png 487w, https:\/\/www.cosminsofron.ro\/wp-content\/uploads\/2011\/08\/film-260x137.png 260w, https:\/\/www.cosminsofron.ro\/wp-content\/uploads\/2011\/08\/film-50x26.png 50w, https:\/\/www.cosminsofron.ro\/wp-content\/uploads\/2011\/08\/film-143x75.png 143w\" sizes=\"(max-width:767px) 480px, 487px\" \/><\/strong><\/p>\n<p><strong>His cinematographic career began in 1976 with the main role in the film &#8220;Rhythms&#8221;, directed by Lucian Bratu;<\/strong><\/p>\n<ul>\n<li>1981 \u2013 The role of &#8220;Pustiul&#8221; in the artistic television series &#8220;Lights and Shadows&#8221;, directed by Andrei Blaier;<\/li>\n<li>1983 \u2013 The main role (&#8220;Dan&#8221;) in the feature film &#8220;I want to know why I have wings&#8221;, script by Ioan Grigorescu, directed by Nicu Stan;<\/li>\n<li>1985 \u2013 The main role (&#8220;Traian&#8221;) in the feature film &#8220;Marele Premiu&#8221;, script by Chiril Tricolici, directed by Maria Callas Dinescu;<\/li>\n<li>1987 \u2013 The role of &#8220;Buzescu&#8221; in the artistic feature film &#8220;Extemporary at the Direction&#8221;, script by George Sovu, directed by Nicolae Corjos;<\/li>\n<li>1993 \u2013 The main role (&#8220;Cosmin&#8221;) in the feature film &#8220;High school students on alert&#8221;, script George \u015eovu, directed by Mircea Pl\u00e2ng\u0103u;<\/li>\n<li>1997- The role of &#8220;Policeman&#8221; in the feature film &#8220;Marital Homicide&#8221;, French-Romanian co-production, screenplay by Eric Assous, directed by Gerard Cuq;<\/li>\n<li>1997-The role of &#8220;Friend Sofia&#8221; in the feature film &#8220;The Vampire Journals&#8221;, American-Romanian co-production, written and directed by Ted Nicolaou;<\/li>\n<li>1998 \u2013 The role of &#8220;Vlathos&#8221; in the feature film &#8220;Teenage space vampires&#8221;, American-Romanian-Canadian co-production, screenplay by Mark Collier, directed by Martin Wood;<\/li>\n<li>1998 \u2013 The role of &#8220;Captain Emil&#8221; in the feature film &#8220;Triangle of Death&#8221; written and directed by Sergiu Nicolaescu;<\/li>\n<li>1998 \u2013 Role in the feature film &#8220;JUSQU&#8217;A CE QUE LA MORT NOUS SEPARE&#8221; Romanian-French co-production, script by Clement DELAGE &amp; Lionel EPP, directed by Lionel EPP<\/li>\n<li>1999 \u2013 The role of &#8220;Cedric&#8221; in the feature film &#8220;Rendez-vous avec la mort&#8221;, Romanian-French co-production, screenplay by Philippe Isard &amp; Christian Francois, directed by Christian Francois;<\/li>\n<li>2000 \u2013 The role of the &#8220;Thief&#8221; in the artistic feature film &#8220;Every Day God Kisses You on the Mouth&#8221;, written and directed by Sinisa Dragin;<\/li>\n<li>2003 \u2013 secondary role (Soriani) in the French-Romanian artistic co-production &#8220;La Femme De L&#8217;Ombre&#8221;, script Anne Landois, directed by G\u00e9rard Cuq;<\/li>\n<li>2009 &#8211; secondary role in the film &#8220;Youth at war&#8221; &#8211; Romanian-Austrian co-production, producer Tudor Giurgiu;<\/li>\n<li>2015 &#8211; secondary role in the film &#8220;Scarred Hearts&#8221; &#8211; after Max Blecher, directed by Radu Jude.<\/li>\n<li>2020 &#8211; &#8220;Museum director&#8221; in the film &#8220;Borders&#8221; &#8211; script and direction Sebastian Voinea;<\/li>\n<li>2021 \u2013 main role in the film &#8220;Obligations&#8221; after Sidonia Dr\u0103gu\u0219anu. Screenplay and direction \u2013 Mihnea Chelaru;<\/li>\n<li>2025 &#8211; participates as the main voice, casting director and dialogue director in the animated short film &#8220;The Magician&#8221; written and directed by Bogdan Mure\u0219anu;<\/li>\n<\/ul>\n<p>[\/vc_column_text][\/vc_column][\/vc_row]<\/p>\n<\/div>","protected":false},"excerpt":{"rendered":"<p>[vc_row][vc_column][vc_column_text css=&#8221;&#8221;] His cinematographic career began in 1976 with the main role in the film &#8220;Rhythms&#8221;, directed by Lucian Bratu; 1981 \u2013 The role of &#8220;Pustiul&#8221;<span class=\"excerpt-hellip\"> [\u2026]<\/span><\/p>\n","protected":false},"author":3,"featured_media":0,"parent":1269,"menu_order":0,"comment_status":"closed","ping_status":"open","template":"","meta":{"footnotes":""},"_links":{"self":[{"href":"https:\/\/www.cosminsofron.ro\/en\/wp-json\/wp\/v2\/pages\/10"}],"collection":[{"href":"https:\/\/www.cosminsofron.ro\/en\/wp-json\/wp\/v2\/pages"}],"about":[{"href":"https:\/\/www.cosminsofron.ro\/en\/wp-json\/wp\/v2\/types\/page"}],"author":[{"embeddable":true,"href":"https:\/\/www.cosminsofron.ro\/en\/wp-json\/wp\/v2\/users\/3"}],"replies":[{"embeddable":true,"href":"https:\/\/www.cosminsofron.ro\/en\/wp-json\/wp\/v2\/comments?post=10"}],"version-history":[{"count":58,"href":"https:\/\/www.cosminsofron.ro\/en\/wp-json\/wp\/v2\/pages\/10\/revisions"}],"predecessor-version":[{"id":2590,"href":"https:\/\/www.cosminsofron.ro\/en\/wp-json\/wp\/v2\/pages\/10\/revisions\/2590"}],"up":[{"embeddable":true,"href":"https:\/\/www.cosminsofron.ro\/en\/wp-json\/wp\/v2\/pages\/1269"}],"wp:attachment":[{"href":"https:\/\/www.cosminsofron.ro\/en\/wp-json\/wp\/v2\/media?parent=10"}],"curies":[{"name":"wp","href":"https:\/\/api.w.org\/{rel}","templated":true}]}}